{"id":5185,"date":"2026-01-08T14:14:24","date_gmt":"2026-01-08T14:14:24","guid":{"rendered":"https:\/\/targetelectro.com\/?post_type=product&#038;p=5185"},"modified":"2026-01-08T14:31:03","modified_gmt":"2026-01-08T14:31:03","slug":"full-tech-refrigerator-ft-ref450s","status":"publish","type":"product","link":"https:\/\/targetelectro.com\/ar\/product\/full-tech-refrigerator-ft-ref450s\/","title":{"rendered":"\u062b\u0644\u0627\u062c\u0629 \u0641\u0644 \u062a\u0643 FT-REF450S"},"content":{"rendered":"<div data-elementor-type=\"wp-post\" data-elementor-id=\"5185\" class=\"elementor elementor-5185\">\n\t\t\t\t<div class=\"elementor-element elementor-element-543cbb16 e-flex e-con-boxed e-con e-parent\" data-id=\"543cbb16\" data-element_type=\"container\">\n\t\t\t\t\t<div class=\"e-con-inner\">\n\t\t\t\t<div class=\"elementor-element elementor-element-34f4e286 elementor-widget elementor-widget-text-editor\" data-id=\"34f4e286\" data-element_type=\"widget\" data-widget_type=\"text-editor.default\">\n\t\t\t\t\t\t\t\t\t<h3 data-start=\"70\" data-end=\"95\">Key Specifications<\/h3><ul data-start=\"96\" data-end=\"660\"><li data-start=\"96\" data-end=\"173\"><p data-start=\"98\" data-end=\"173\">Net capacity: <strong data-start=\"112\" data-end=\"126\">450 liters<\/strong> total.<\/p><\/li><li data-start=\"174\" data-end=\"251\"><p data-start=\"176\" data-end=\"251\">Freezer capacity: ~ <strong data-start=\"196\" data-end=\"210\">107 liters<\/strong>.<\/p><\/li><li data-start=\"252\" data-end=\"349\"><p data-start=\"254\" data-end=\"349\">Net dimensions (W\u00d7H\u00d7D): <strong data-start=\"278\" data-end=\"308\">700 mm \u00d7 1,78 mm \u00d7 66 mm<\/strong>.<\/p><\/li><li data-start=\"350\" data-end=\"414\"><p data-start=\"352\" data-end=\"414\">Net weight: <strong data-start=\"364\" data-end=\"373\">63 kg<\/strong>.<\/p><\/li><li data-start=\"415\" data-end=\"495\"><p data-start=\"417\" data-end=\"495\">Cooling type: No Frost + Mono Cooling.<\/p><\/li><li data-start=\"496\" data-end=\"570\"><p data-start=\"498\" data-end=\"570\">Energy efficiency: Class <strong data-start=\"523\" data-end=\"529\">A+<\/strong>.<\/p><\/li><li data-start=\"571\" data-end=\"660\"><p data-start=\"573\" data-end=\"660\">Colour \/ Finish: Silver \/ Refined Inox variant.<\/p><\/li><\/ul><h3 data-start=\"662\" data-end=\"678\">\u2705 Highlights<\/h3><ul data-start=\"679\" data-end=\"1001\"><li data-start=\"679\" data-end=\"743\"><p data-start=\"681\" data-end=\"743\">Large capacity (450L) \u2014 good for medium-to-large households.<\/p><\/li><li data-start=\"744\" data-end=\"826\"><p data-start=\"746\" data-end=\"826\">Slim depth (717 mm) relative to width makes it easier to fit in many kitchens.<\/p><\/li><li data-start=\"827\" data-end=\"879\"><p data-start=\"829\" data-end=\"879\">No Frost system: means less hands-on defrosting.<\/p><\/li><li data-start=\"880\" data-end=\"914\"><p data-start=\"882\" data-end=\"914\">Decent energy efficiency (A+).<\/p><\/li><li data-start=\"915\" data-end=\"1001\"><p data-start=\"917\" data-end=\"1001\">Clean design finish in silver\/INOX colour which tends to fit modern kitchens well.<\/p><\/li><\/ul><h3 data-start=\"1003\" data-end=\"1024\">\u00a0<\/h3>\t\t\t\t\t\t\t\t<\/div>\n\t\t\t\t\t<\/div>\n\t\t\t\t<\/div>\n\t\t\t\t<\/div>","protected":false},"excerpt":{"rendered":"<p>Key Specifications Net capacity: 450 liters total. Freezer capacity: ~ 107 liters. Net dimensions (W\u00d7H\u00d7D): 700 mm \u00d7 1,78 mm \u00d7 66 mm. Net weight: 63 kg. Cooling type: No Frost + Mono Cooling. Energy efficiency: Class A+. Colour \/ Finish: Silver \/ Refined Inox variant. \u2705 Highlights Large capacity (450L) \u2014 good for medium-to-large<\/p>\n<div class=\"klb-readmore entry-button\"><a class=\"btn read-more\" href=\"https:\/\/targetelectro.com\/ar\/product\/full-tech-refrigerator-ft-ref450s\/\">Read More<\/a><\/div>","protected":false},"featured_media":5201,"comment_status":"open","ping_status":"closed","template":"","meta":[],"product_brand":[290],"product_cat":[101,107],"product_tag":[],"class_list":{"0":"post-5185","1":"product","2":"type-product","3":"status-publish","4":"has-post-thumbnail","6":"product_brand-full-tech","7":"product_cat-big-home-appliances","8":"product_cat-refrigerator","9":"pa_liter-450-l","11":"first","12":"instock","13":"sale","14":"featured","15":"sold-individually","16":"shipping-taxable","17":"purchasable","18":"product-type-simple"},"_links":{"self":[{"href":"https:\/\/targetelectro.com\/ar\/wp-json\/wp\/v2\/product\/5185","targetHints":{"allow":["GET"]}}],"collection":[{"href":"https:\/\/targetelectro.com\/ar\/wp-json\/wp\/v2\/product"}],"about":[{"href":"https:\/\/targetelectro.com\/ar\/wp-json\/wp\/v2\/types\/product"}],"replies":[{"embeddable":true,"href":"https:\/\/targetelectro.com\/ar\/wp-json\/wp\/v2\/comments?post=5185"}],"version-history":[{"count":4,"href":"https:\/\/targetelectro.com\/ar\/wp-json\/wp\/v2\/product\/5185\/revisions"}],"predecessor-version":[{"id":5191,"href":"https:\/\/targetelectro.com\/ar\/wp-json\/wp\/v2\/product\/5185\/revisions\/5191"}],"wp:featuredmedia":[{"embeddable":true,"href":"https:\/\/targetelectro.com\/ar\/wp-json\/wp\/v2\/media\/5201"}],"wp:attachment":[{"href":"https:\/\/targetelectro.com\/ar\/wp-json\/wp\/v2\/media?parent=5185"}],"wp:term":[{"taxonomy":"product_brand","embeddable":true,"href":"https:\/\/targetelectro.com\/ar\/wp-json\/wp\/v2\/product_brand?post=5185"},{"taxonomy":"product_cat","embeddable":true,"href":"https:\/\/targetelectro.com\/ar\/wp-json\/wp\/v2\/product_cat?post=5185"},{"taxonomy":"product_tag","embeddable":true,"href":"https:\/\/targetelectro.com\/ar\/wp-json\/wp\/v2\/product_tag?post=5185"}],"curies":[{"name":"wp","href":"https:\/\/api.w.org\/{rel}","templated":true}]}}